{"id":2342,"date":"2025-09-25T14:04:23","date_gmt":"2025-09-25T14:04:23","guid":{"rendered":"https:\/\/flinestore.fr\/?post_type=product&#038;p=2342"},"modified":"2025-09-25T14:05:52","modified_gmt":"2025-09-25T14:05:52","slug":"store-classique-berlin","status":"publish","type":"product","link":"https:\/\/flinestore.fr\/index.php\/product\/store-classique-berlin\/","title":{"rendered":"Store Classique Berlin"},"content":{"rendered":"<h3>Caract\u00e9ristiques principales<\/h3>\n<ul>\n<li><strong>Dimensions :<\/strong>Largeur de 4310 \u00e0 18000 mm, avec une avanc\u00e9e de 4000 ou 4500 mm.<\/li>\n<li><strong>M\u00e9canisme :<\/strong>Il mesure 305 mm de hauteur et 270 mm d&rsquo;avanc\u00e9e.<\/li>\n<li><strong>Fixation :<\/strong>Il se fixe de face sur tout type de mur, m\u00eame s&rsquo;il est irr\u00e9gulier.<\/li>\n<li><strong>Inclinaison :<\/strong>L&rsquo;inclinaison est r\u00e9glable par l&rsquo;utilisateur.<\/li>\n<li><strong>Lambrequin :<\/strong>Un\u00a0<strong>lambrequin fixe<\/strong>\u00a0est inclus pour cacher les bras une fois le store repli\u00e9. Un\u00a0<strong>lambrequin d\u00e9roulant<\/strong>, motoris\u00e9 ou manuel, est \u00e9galement disponible en option, pouvant descendre jusqu&rsquo;\u00e0 1600 mm.<\/li>\n<\/ul>\n<h3>Personnalisation et design<\/h3>\n<ul>\n<li><strong>Toile :<\/strong>Choix parmi 4 gammes de toiles DICKSON (<strong>Orchestra<\/strong>,\u00a0<strong>Orchestra Max<\/strong>,\u00a0<strong>Symphony<\/strong>,\u00a0<strong>Op\u00e9ra<\/strong>) avec 244 couleurs en stock.<\/li>\n<li><strong>Couleur :<\/strong>Choix de\u00a0<strong>90 couleurs standard<\/strong>\u00a0pour l&rsquo;armature et les fixations. Un store bi-couleur est aussi possible.<\/li>\n<\/ul>\n<h3>Qualit\u00e9 et durabilit\u00e9<\/h3>\n<ul>\n<li><strong>Mat\u00e9riaux :<\/strong>Toutes les pi\u00e8ces (supports, articulations, profil\u00e9s) sont en\u00a0<strong>aluminium premi\u00e8re fusion<\/strong>\u00a0et la visserie est en\u00a0<strong>inox<\/strong>, ce qui garantit l&rsquo;absence de rouille.<\/li>\n<li><strong>Garantie :<\/strong><strong>12 ans<\/strong>\u00a0sur les pi\u00e8ces et la main-d&rsquo;\u0153uvre. La toile et le moteur (Somfy) sont garantis 5 ans.<\/li>\n<li><strong>Labels :<\/strong>Les profil\u00e9s sont certifi\u00e9s\u00a0<strong>QUALICOAT<\/strong>\u00a0et\u00a0<strong>QUALIMARINE<\/strong>.<\/li>\n<\/ul>\n<h3>Options et fabrication<\/h3>\n<ul>\n<li><strong>Options :<\/strong>Un\u00a0<strong>automatisme vent\/soleil<\/strong>\u00a0(EOLIS 3D Wirefree de Somfy) est disponible. L&rsquo;\u00e9clairage par LED sur les bras \u00e9tait en cours de perfectionnement et sera adaptable sur ce store.<\/li>\n<\/ul>\n<p><strong>Fabrication :<\/strong><span style=\"font-weight: 400;\">\u00a0<\/span><span style=\"font-weight: 400;\">Le store est<\/span><span style=\"font-weight: 400;\">\u00a0<\/span><strong>100 % fabriqu\u00e9 en France<\/strong><span style=\"font-weight: 400;\">. Le d\u00e9lai de fabrication est ultra-rapide si les couleurs standard sont choisies.<\/span><\/p>\n","protected":false},"excerpt":{"rendered":"<p>Caract\u00e9ristiques principales Dimensions :Largeur de 4310 \u00e0 18000 mm, avec une avanc\u00e9e de 4000 ou 4500 mm. M\u00e9canisme :Il mesure 305 mm de hauteur et 270 mm d&rsquo;avanc\u00e9e. Fixation :Il se fixe de face sur tout type de mur, m\u00eame s&rsquo;il est irr\u00e9gulier. Inclinaison :L&rsquo;inclinaison est r\u00e9glable par l&rsquo;utilisateur. Lambrequin :Un\u00a0lambrequin fixe\u00a0est inclus pour cacher [&hellip;]<\/p>\n","protected":false},"featured_media":2344,"comment_status":"open","ping_status":"closed","template":"","meta":{"_acf_changed":false},"product_brand":[],"product_cat":[19,32],"product_tag":[],"class_list":{"0":"post-2342","1":"product","2":"type-product","3":"status-publish","4":"has-post-thumbnail","6":"product_cat-store-banne","7":"product_cat-stores-classiques","9":"first","10":"instock","11":"shipping-taxable","12":"purchasable","13":"product-type-simple"},"acf":[],"_links":{"self":[{"href":"https:\/\/flinestore.fr\/index.php\/wp-json\/wp\/v2\/product\/2342","targetHints":{"allow":["GET"]}}],"collection":[{"href":"https:\/\/flinestore.fr\/index.php\/wp-json\/wp\/v2\/product"}],"about":[{"href":"https:\/\/flinestore.fr\/index.php\/wp-json\/wp\/v2\/types\/product"}],"replies":[{"embeddable":true,"href":"https:\/\/flinestore.fr\/index.php\/wp-json\/wp\/v2\/comments?post=2342"}],"version-history":[{"count":1,"href":"https:\/\/flinestore.fr\/index.php\/wp-json\/wp\/v2\/product\/2342\/revisions"}],"predecessor-version":[{"id":2343,"href":"https:\/\/flinestore.fr\/index.php\/wp-json\/wp\/v2\/product\/2342\/revisions\/2343"}],"wp:featuredmedia":[{"embeddable":true,"href":"https:\/\/flinestore.fr\/index.php\/wp-json\/wp\/v2\/media\/2344"}],"wp:attachment":[{"href":"https:\/\/flinestore.fr\/index.php\/wp-json\/wp\/v2\/media?parent=2342"}],"wp:term":[{"taxonomy":"product_brand","embeddable":true,"href":"https:\/\/flinestore.fr\/index.php\/wp-json\/wp\/v2\/product_brand?post=2342"},{"taxonomy":"product_cat","embeddable":true,"href":"https:\/\/flinestore.fr\/index.php\/wp-json\/wp\/v2\/product_cat?post=2342"},{"taxonomy":"product_tag","embeddable":true,"href":"https:\/\/flinestore.fr\/index.php\/wp-json\/wp\/v2\/product_tag?post=2342"}],"curies":[{"name":"wp","href":"https:\/\/api.w.org\/{rel}","templated":true}]}}