{"id":2310,"date":"2025-09-25T12:57:57","date_gmt":"2025-09-25T12:57:57","guid":{"rendered":"https:\/\/flinestore.fr\/?post_type=product&#038;p=2310"},"modified":"2025-09-25T13:28:06","modified_gmt":"2025-09-25T13:28:06","slug":"store-de-terrasse-madrid","status":"publish","type":"product","link":"https:\/\/flinestore.fr\/index.php\/product\/store-de-terrasse-madrid\/","title":{"rendered":"Store Monobloc Madrid"},"content":{"rendered":"<h3>Caract\u00e9ristiques principales<\/h3>\n<ul>\n<li><strong>Dimensions :<\/strong>Largeur de 1840 \u00e0 18000 mm et port\u00e9e de 1500 \u00e0 4000 mm.<\/li>\n<li><strong>M\u00e9canisme :<\/strong>Le m\u00e9canisme mesure 220 mm de hauteur et 250 mm d&rsquo;avanc\u00e9e.<\/li>\n<li><strong>Fixation :<\/strong>Peut \u00eatre install\u00e9 de face ou au plafond, y compris sur des murs irr\u00e9guliers.<\/li>\n<li><strong>Inclinaison :<\/strong>L&rsquo;inclinaison est r\u00e9glable par l&rsquo;utilisateur.<\/li>\n<li><strong>Lambrequin :<\/strong>Un\u00a0<strong>lambrequin fixe<\/strong>\u00a0est inclus, fait de la m\u00eame toile que le store, pour cacher les bras une fois le store repli\u00e9. Un\u00a0<strong>lambrequin d\u00e9roulant<\/strong>\u00a0motoris\u00e9 ou manuel est \u00e9galement disponible en option (uniquement pour les stores jusqu&rsquo;\u00e0 6 m de large), pouvant descendre jusqu&rsquo;\u00e0 1600 mm.<\/li>\n<\/ul>\n<h3>Personnalisation et design<\/h3>\n<ul>\n<li><strong>Toile :<\/strong>Le choix de la toile d\u00e9pend de l&rsquo;avanc\u00e9e. Pour une avanc\u00e9e jusqu&rsquo;\u00e0 3,5 m, vous pouvez choisir parmi 4 gammes de toiles Dickson (<strong>Orchestra<\/strong>,\u00a0<strong>Orchestra Max<\/strong>,\u00a0<strong>Symphony<\/strong>\u00a0et\u00a0<strong>Op\u00e9ra<\/strong>), soit 244 couleurs. Pour une avanc\u00e9e sup\u00e9rieure \u00e0 3,5 m, le choix est limit\u00e9 \u00e0 la toile\u00a0<strong>Orchestra<\/strong>, soit 189 couleurs.<\/li>\n<li><strong>Couleur :<\/strong>Choix de\u00a0<strong>90 couleurs standard<\/strong>\u00a0pour l&rsquo;armature et les fixations. Un store bi-couleur est aussi possible.<\/li>\n<\/ul>\n<h3>Qualit\u00e9 et durabilit\u00e9<\/h3>\n<ul>\n<li><strong>Mat\u00e9riaux :<\/strong>Toutes les pi\u00e8ces (supports, articulations, profil\u00e9s) sont en\u00a0<strong>aluminium premi\u00e8re fusion<\/strong>\u00a0et la visserie est en\u00a0<strong>inox<\/strong>, ce qui garantit l&rsquo;absence de rouille.<\/li>\n<li><strong>Garantie :<\/strong><strong>12 ans<\/strong>\u00a0sur les pi\u00e8ces et la main-d&rsquo;\u0153uvre. La toile et le moteur (Somfy) sont garantis 5 ans.<\/li>\n<li><strong>Labels :<\/strong>Les profil\u00e9s sont certifi\u00e9s\u00a0<strong>QUALICOAT<\/strong>\u00a0et\u00a0<strong>QUALIMARINE<\/strong>.<\/li>\n<\/ul>\n<h3>Options et fabrication<\/h3>\n<ul>\n<li><strong>Options :<\/strong>Un\u00a0<strong>automatisme vent\/soleil<\/strong>\u00a0(EOLIS 3D Wirefree de Somfy) qui ferme le store en cas de vent est disponible. Un \u00e9clairage sur les bras \u00e9tait en cours de perfectionnement au moment de la r\u00e9daction de la description et sera adaptable sur ce store.<\/li>\n<\/ul>\n<p><strong>Fabrication :<\/strong><span style=\"font-weight: 400;\">\u00a0<\/span><span style=\"font-weight: 400;\">Le store est<\/span><span style=\"font-weight: 400;\">\u00a0<\/span><strong>100 % fabriqu\u00e9 en France<\/strong><span style=\"font-weight: 400;\">. Le d\u00e9lai de fabrication est ultra-rapide si les couleurs standard sont choisies.<\/span><\/p>\n","protected":false},"excerpt":{"rendered":"<p>Caract\u00e9ristiques principales Dimensions :Largeur de 1840 \u00e0 18000 mm et port\u00e9e de 1500 \u00e0 4000 mm. M\u00e9canisme :Le m\u00e9canisme mesure 220 mm de hauteur et 250 mm d&rsquo;avanc\u00e9e. Fixation :Peut \u00eatre install\u00e9 de face ou au plafond, y compris sur des murs irr\u00e9guliers. Inclinaison :L&rsquo;inclinaison est r\u00e9glable par l&rsquo;utilisateur. Lambrequin :Un\u00a0lambrequin fixe\u00a0est inclus, fait de [&hellip;]<\/p>\n","protected":false},"featured_media":2311,"comment_status":"open","ping_status":"closed","template":"","meta":{"_acf_changed":false},"product_brand":[],"product_cat":[19,31],"product_tag":[],"class_list":{"0":"post-2310","1":"product","2":"type-product","3":"status-publish","4":"has-post-thumbnail","6":"product_cat-store-banne","7":"product_cat-stores-monoblocs","9":"first","10":"instock","11":"shipping-taxable","12":"purchasable","13":"product-type-simple"},"acf":[],"_links":{"self":[{"href":"https:\/\/flinestore.fr\/index.php\/wp-json\/wp\/v2\/product\/2310","targetHints":{"allow":["GET"]}}],"collection":[{"href":"https:\/\/flinestore.fr\/index.php\/wp-json\/wp\/v2\/product"}],"about":[{"href":"https:\/\/flinestore.fr\/index.php\/wp-json\/wp\/v2\/types\/product"}],"replies":[{"embeddable":true,"href":"https:\/\/flinestore.fr\/index.php\/wp-json\/wp\/v2\/comments?post=2310"}],"version-history":[{"count":2,"href":"https:\/\/flinestore.fr\/index.php\/wp-json\/wp\/v2\/product\/2310\/revisions"}],"predecessor-version":[{"id":2316,"href":"https:\/\/flinestore.fr\/index.php\/wp-json\/wp\/v2\/product\/2310\/revisions\/2316"}],"wp:featuredmedia":[{"embeddable":true,"href":"https:\/\/flinestore.fr\/index.php\/wp-json\/wp\/v2\/media\/2311"}],"wp:attachment":[{"href":"https:\/\/flinestore.fr\/index.php\/wp-json\/wp\/v2\/media?parent=2310"}],"wp:term":[{"taxonomy":"product_brand","embeddable":true,"href":"https:\/\/flinestore.fr\/index.php\/wp-json\/wp\/v2\/product_brand?post=2310"},{"taxonomy":"product_cat","embeddable":true,"href":"https:\/\/flinestore.fr\/index.php\/wp-json\/wp\/v2\/product_cat?post=2310"},{"taxonomy":"product_tag","embeddable":true,"href":"https:\/\/flinestore.fr\/index.php\/wp-json\/wp\/v2\/product_tag?post=2310"}],"curies":[{"name":"wp","href":"https:\/\/api.w.org\/{rel}","templated":true}]}}