{"id":2300,"date":"2025-09-25T12:26:02","date_gmt":"2025-09-25T12:26:02","guid":{"rendered":"https:\/\/flinestore.fr\/?post_type=product&#038;p=2300"},"modified":"2025-09-27T15:31:05","modified_gmt":"2025-09-27T15:31:05","slug":"store-de-terrasse-kissimy","status":"publish","type":"product","link":"https:\/\/flinestore.fr\/index.php\/product\/store-de-terrasse-kissimy\/","title":{"rendered":"Store coffre KISSIMY"},"content":{"rendered":"<p style=\"font-weight: 400;\"><strong>Caract\u00e9ristiques principales<\/strong><\/p>\n<ul style=\"font-weight: 400;\">\n<li><strong>Dimensions :<\/strong>\u00a0Largeur de 1835 \u00e0 4830 mm, avec 5 avanc\u00e9es possibles, de 1500 \u00e0 3000 mm.<\/li>\n<li><strong>Coffre :<\/strong>\u00a0Prot\u00e8ge int\u00e9gralement la toile et les bras. Il mesure 177 mm de hauteur et 240 mm d&rsquo;avanc\u00e9e.<\/li>\n<li><strong>Fixation :<\/strong>\u00a0Peut \u00eatre install\u00e9 de face ou au plafond, sur n&rsquo;importe quel type de surface, m\u00eame un mur irr\u00e9gulier.<\/li>\n<li><strong>Inclinaison :<\/strong>\u00a0Vous pouvez r\u00e9gler l&rsquo;inclinaison du store.<\/li>\n<li><strong>Commande :<\/strong>\u00a0Le store peut \u00eatre command\u00e9 par interrupteur, t\u00e9l\u00e9commande ou smartphone.<\/li>\n<\/ul>\n<p style=\"font-weight: 400;\"><strong>Personnalisation et design<\/strong><\/p>\n<ul style=\"font-weight: 400;\">\n<li><strong>Toile :<\/strong>\u00a0Tissus de 290g\/m\u00b2 de marques comme\u00a0<strong>Dickson Orchestra<\/strong>,\u00a0<strong>Sattler<\/strong>,\u00a0<strong>Latim<\/strong>\u00a0ou\u00a0<strong>Giovanardi<\/strong>.<\/li>\n<li><strong>Couleur :<\/strong>\u00a0Choix de\u00a0<strong>90 couleurs standard<\/strong>\u00a0pour l&rsquo;armature et les fixations, avec la possibilit\u00e9 d&rsquo;avoir des bras de la m\u00eame couleur que la toile.<\/li>\n<\/ul>\n<p style=\"font-weight: 400;\"><strong>Qualit\u00e9 et durabilit\u00e9<\/strong><\/p>\n<ul style=\"font-weight: 400;\">\n<li><strong>Mat\u00e9riaux :<\/strong>\u00a0Toutes les pi\u00e8ces (supports, articulations, profil\u00e9s) sont en\u00a0<strong>aluminium premi\u00e8re fusion<\/strong>\u00a0et la visserie est en\u00a0<strong>inox<\/strong>, ce qui emp\u00eache la rouille.<\/li>\n<li><strong>Garantie :<\/strong>\u00a0<strong>12 ans<\/strong>\u00a0sur les pi\u00e8ces et la main-d&rsquo;\u0153uvre. La toile et le moteur (Somfy) sont garantis 5 ans.<\/li>\n<li><strong>Labels :<\/strong>\u00a0Les profil\u00e9s sont certifi\u00e9s\u00a0<strong>QUALICOAT<\/strong>\u00a0et\u00a0<strong>QUALIMARINE<\/strong>.<\/li>\n<\/ul>\n<p style=\"font-weight: 400;\"><strong>Options et fabrication<\/strong><\/p>\n<ul style=\"font-weight: 400;\">\n<li><strong>Options :<\/strong>\u00a0Il est possible d&rsquo;ajouter un\u00a0<strong>automatisme vent<\/strong>\u00a0(EOLIS 3D Wirefree de Somfy), un\u00a0<strong>\u00e9clairage LED<\/strong>\u00a0sous chaque bras, un lambrequin fixe, et une manivelle de secours. Une man\u0153uvre manuelle est aussi disponible \u00e0 la place du moteur.<\/li>\n<li><strong>Fabrication :<\/strong>\u00a0Le store est\u00a0<strong>100 % fabriqu\u00e9 en France<\/strong>, avec un d\u00e9lai de fabrication ultra-rapide si les couleurs de toile et d&rsquo;armature standard sont choisies.<\/li>\n<\/ul>\n","protected":false},"excerpt":{"rendered":"<p>Caract\u00e9ristiques principales Dimensions :\u00a0Largeur de 1835 \u00e0 4830 mm, avec 5 avanc\u00e9es possibles, de 1500 \u00e0 3000 mm. Coffre :\u00a0Prot\u00e8ge int\u00e9gralement la toile et les bras. Il mesure 177 mm de hauteur et 240 mm d&rsquo;avanc\u00e9e. Fixation :\u00a0Peut \u00eatre install\u00e9 de face ou au plafond, sur n&rsquo;importe quel type de surface, m\u00eame un mur irr\u00e9gulier. [&hellip;]<\/p>\n","protected":false},"featured_media":2301,"comment_status":"open","ping_status":"closed","template":"","meta":{"_acf_changed":false},"product_brand":[],"product_cat":[19,29],"product_tag":[],"class_list":{"0":"post-2300","1":"product","2":"type-product","3":"status-publish","4":"has-post-thumbnail","6":"product_cat-store-banne","7":"product_cat-stores-coffres","9":"first","10":"instock","11":"sale","12":"shipping-taxable","13":"purchasable","14":"product-type-simple"},"acf":[],"_links":{"self":[{"href":"https:\/\/flinestore.fr\/index.php\/wp-json\/wp\/v2\/product\/2300","targetHints":{"allow":["GET"]}}],"collection":[{"href":"https:\/\/flinestore.fr\/index.php\/wp-json\/wp\/v2\/product"}],"about":[{"href":"https:\/\/flinestore.fr\/index.php\/wp-json\/wp\/v2\/types\/product"}],"replies":[{"embeddable":true,"href":"https:\/\/flinestore.fr\/index.php\/wp-json\/wp\/v2\/comments?post=2300"}],"version-history":[{"count":3,"href":"https:\/\/flinestore.fr\/index.php\/wp-json\/wp\/v2\/product\/2300\/revisions"}],"predecessor-version":[{"id":2422,"href":"https:\/\/flinestore.fr\/index.php\/wp-json\/wp\/v2\/product\/2300\/revisions\/2422"}],"wp:featuredmedia":[{"embeddable":true,"href":"https:\/\/flinestore.fr\/index.php\/wp-json\/wp\/v2\/media\/2301"}],"wp:attachment":[{"href":"https:\/\/flinestore.fr\/index.php\/wp-json\/wp\/v2\/media?parent=2300"}],"wp:term":[{"taxonomy":"product_brand","embeddable":true,"href":"https:\/\/flinestore.fr\/index.php\/wp-json\/wp\/v2\/product_brand?post=2300"},{"taxonomy":"product_cat","embeddable":true,"href":"https:\/\/flinestore.fr\/index.php\/wp-json\/wp\/v2\/product_cat?post=2300"},{"taxonomy":"product_tag","embeddable":true,"href":"https:\/\/flinestore.fr\/index.php\/wp-json\/wp\/v2\/product_tag?post=2300"}],"curies":[{"name":"wp","href":"https:\/\/api.w.org\/{rel}","templated":true}]}}