{"id":2297,"date":"2025-09-25T12:17:34","date_gmt":"2025-09-25T12:17:34","guid":{"rendered":"https:\/\/flinestore.fr\/?post_type=product&#038;p=2297"},"modified":"2025-09-25T13:32:53","modified_gmt":"2025-09-25T13:32:53","slug":"store-de-terrasse-kitanguy-2","status":"publish","type":"product","link":"https:\/\/flinestore.fr\/index.php\/product\/store-de-terrasse-kitanguy-2\/","title":{"rendered":"Store coffre KITANGUY 2"},"content":{"rendered":"<h3>Caract\u00e9ristiques principales<\/h3>\n<ul>\n<li><strong>Dimensions :<\/strong>Largeur de 1910 \u00e0 5850 mm, et 6 avanc\u00e9es possibles, de 1500 \u00e0 3250 mm.<\/li>\n<li><strong>Coffre :<\/strong>Prot\u00e8ge int\u00e9gralement la toile et les bras. Il mesure 177 mm de hauteur et 270 mm d&rsquo;avanc\u00e9e.<\/li>\n<li><strong>Fixation :<\/strong>Peut \u00eatre install\u00e9 de face (sur un mur) ou sous plafond.<\/li>\n<li><strong>Commande :<\/strong>Contr\u00f4le du moteur via un interrupteur, une t\u00e9l\u00e9commande ou un smartphone.<\/li>\n<\/ul>\n<h3>Personnalisation et design<\/h3>\n<ul>\n<li><strong>Toile :<\/strong>Tissus de 290g\/m\u00b2 de marques comme\u00a0<strong>Dickson Orchestra<\/strong>,\u00a0<strong>Sattler<\/strong>,\u00a0<strong>Latim<\/strong>\u00a0ou\u00a0<strong>Giovanardi<\/strong>.<\/li>\n<li><strong>Couleur :<\/strong>Choix parmi 84 couleurs. L&rsquo;inclinaison est r\u00e9glable et le store est fabriqu\u00e9 en\u00a0<strong>aluminium premi\u00e8re fusion<\/strong>\u00a0pour une qualit\u00e9 constante.<\/li>\n<\/ul>\n<h3>Qualit\u00e9 et durabilit\u00e9<\/h3>\n<ul>\n<li><strong>Mat\u00e9riaux :<\/strong>Toutes les pi\u00e8ces (supports, articulations, profil\u00e9s) sont en\u00a0<strong>aluminium premi\u00e8re fusion<\/strong>\u00a0et la visserie est en\u00a0<strong>inox<\/strong>, ce qui garantit une protection contre la rouille.<\/li>\n<li><strong>Garantie :<\/strong>L&rsquo;armature et les fixations sont garanties\u00a0<strong>12 ans<\/strong>. La toile et le moteur (Somfy) sont garantis 5 ans.<\/li>\n<\/ul>\n<h3>Options et fabrication<\/h3>\n<ul>\n<li><strong>Options :<\/strong>Possibilit\u00e9 d&rsquo;ajouter un\u00a0<strong>automatisme vent<\/strong>\u00a0(EOLIS 3D Wirefree de Somfy) qui ferme le store en cas de vent, un\u00a0<strong>\u00e9clairage LED<\/strong>\u00a0sous le coffre et\/ou sous les bras, et une manivelle de secours.<\/li>\n<li><strong>Fabrication :<\/strong>Le store est\u00a0<strong>100 % fabriqu\u00e9 en France<\/strong>. Le d\u00e9lai de fabrication est de 24 heures si la toile est choisie parmi les 256 en stock.<\/li>\n<\/ul>\n","protected":false},"excerpt":{"rendered":"<p>Caract\u00e9ristiques principales Dimensions :Largeur de 1910 \u00e0 5850 mm, et 6 avanc\u00e9es possibles, de 1500 \u00e0 3250 mm. Coffre :Prot\u00e8ge int\u00e9gralement la toile et les bras. Il mesure 177 mm de hauteur et 270 mm d&rsquo;avanc\u00e9e. Fixation :Peut \u00eatre install\u00e9 de face (sur un mur) ou sous plafond. Commande :Contr\u00f4le du moteur via un interrupteur, [&hellip;]<\/p>\n","protected":false},"featured_media":1463,"comment_status":"open","ping_status":"closed","template":"","meta":{"_acf_changed":false},"product_brand":[],"product_cat":[19,29],"product_tag":[],"class_list":{"0":"post-2297","1":"product","2":"type-product","3":"status-publish","4":"has-post-thumbnail","6":"product_cat-store-banne","7":"product_cat-stores-coffres","9":"first","10":"instock","11":"sale","12":"shipping-taxable","13":"purchasable","14":"product-type-simple"},"acf":[],"_links":{"self":[{"href":"https:\/\/flinestore.fr\/index.php\/wp-json\/wp\/v2\/product\/2297","targetHints":{"allow":["GET"]}}],"collection":[{"href":"https:\/\/flinestore.fr\/index.php\/wp-json\/wp\/v2\/product"}],"about":[{"href":"https:\/\/flinestore.fr\/index.php\/wp-json\/wp\/v2\/types\/product"}],"replies":[{"embeddable":true,"href":"https:\/\/flinestore.fr\/index.php\/wp-json\/wp\/v2\/comments?post=2297"}],"version-history":[{"count":2,"href":"https:\/\/flinestore.fr\/index.php\/wp-json\/wp\/v2\/product\/2297\/revisions"}],"predecessor-version":[{"id":2320,"href":"https:\/\/flinestore.fr\/index.php\/wp-json\/wp\/v2\/product\/2297\/revisions\/2320"}],"wp:featuredmedia":[{"embeddable":true,"href":"https:\/\/flinestore.fr\/index.php\/wp-json\/wp\/v2\/media\/1463"}],"wp:attachment":[{"href":"https:\/\/flinestore.fr\/index.php\/wp-json\/wp\/v2\/media?parent=2297"}],"wp:term":[{"taxonomy":"product_brand","embeddable":true,"href":"https:\/\/flinestore.fr\/index.php\/wp-json\/wp\/v2\/product_brand?post=2297"},{"taxonomy":"product_cat","embeddable":true,"href":"https:\/\/flinestore.fr\/index.php\/wp-json\/wp\/v2\/product_cat?post=2297"},{"taxonomy":"product_tag","embeddable":true,"href":"https:\/\/flinestore.fr\/index.php\/wp-json\/wp\/v2\/product_tag?post=2297"}],"curies":[{"name":"wp","href":"https:\/\/api.w.org\/{rel}","templated":true}]}}