{"id":2290,"date":"2025-09-25T10:44:13","date_gmt":"2025-09-25T10:44:13","guid":{"rendered":"https:\/\/flinestore.fr\/?post_type=product&#038;p=2290"},"modified":"2025-09-25T13:33:25","modified_gmt":"2025-09-25T13:33:25","slug":"store-kalyo","status":"publish","type":"product","link":"https:\/\/flinestore.fr\/index.php\/product\/store-kalyo\/","title":{"rendered":"Store coffre KALY&rsquo;O"},"content":{"rendered":"<h3>Caract\u00e9ristiques principales<\/h3>\n<ul>\n<li><strong>Dimensions :<\/strong>Largeur de 2130 \u00e0 6000 mm, avec 7 avanc\u00e9es possibles, de 1500 \u00e0 3500 mm.<\/li>\n<li><strong>Coffre :<\/strong>Prot\u00e8ge int\u00e9gralement la toile et les bras. Il mesure 241 mm de hauteur et 179 mm d&rsquo;avanc\u00e9e (214 mm avec l&rsquo;option lambrequin d\u00e9roulant).<\/li>\n<li><strong>Fixation :<\/strong>Peut \u00eatre install\u00e9 de face ou au plafond, y compris sur des murs irr\u00e9guliers.<\/li>\n<li><strong>Motorisation :<\/strong>\u00c9quip\u00e9 d&rsquo;un moteur SOMFY contr\u00f4lable par interrupteur, t\u00e9l\u00e9commande ou smartphone.<\/li>\n<\/ul>\n<h3>Personnalisation et design<\/h3>\n<ul>\n<li><strong>Toile :<\/strong>Tissus de 290g\/m\u00b2 de marques comme\u00a0<strong>DICKSON<\/strong>,\u00a0<strong>SATTLER<\/strong>\u00a0ou\u00a0<strong>LATIM<\/strong>, disponibles dans 244 couleurs en stock. D&rsquo;autres couleurs sont \u00e9galement possibles sur demande.<\/li>\n<li><strong>Couleur :<\/strong>Choix de\u00a0<strong>84 couleurs standard<\/strong>\u00a0pour l&rsquo;armature et les fixations. D&rsquo;autres couleurs sont disponibles sur demande.<\/li>\n<\/ul>\n<h3>Qualit\u00e9 et durabilit\u00e9<\/h3>\n<ul>\n<li><strong>Mat\u00e9riaux :<\/strong>Toutes les pi\u00e8ces (supports, articulations, profil\u00e9s) sont en\u00a0<strong>aluminium premi\u00e8re fusion<\/strong>\u00a0et la visserie est en\u00a0<strong>inox<\/strong>, ce qui emp\u00eache la rouille.<\/li>\n<li><strong>Garantie :<\/strong>L&rsquo;armature et les fixations sont garanties\u00a0<strong>12 ans<\/strong>. La toile et le moteur (SOMFY) sont garantis 5 ans.<\/li>\n<li><strong>Labels :<\/strong>Les profil\u00e9s sont certifi\u00e9s\u00a0<strong>QUALICOAT<\/strong>\u00a0et\u00a0<strong>QUALIMARINE<\/strong>.<\/li>\n<\/ul>\n<h3>Options et fabrication<\/h3>\n<ul>\n<li><strong>Options :<\/strong>Possibilit\u00e9 d&rsquo;ajouter un\u00a0<strong>automatisme vent<\/strong>\u00a0(EOLIS 3D Wirefree de SOMFY), un lambrequin fixe (5 versions), un lambrequin d\u00e9roulant, et une manivelle de secours.<\/li>\n<\/ul>\n<p><strong>Fabrication :<\/strong><span style=\"font-weight: 400;\">\u00a0<\/span><span style=\"font-weight: 400;\">Le store est<\/span><span style=\"font-weight: 400;\">\u00a0<\/span><strong>100 % fabriqu\u00e9 en France<\/strong><span style=\"font-weight: 400;\">. Le d\u00e9lai de fabrication est ultra-rapide si les couleurs standard de toile et d&rsquo;armature sont choisies.<\/span><\/p>\n","protected":false},"excerpt":{"rendered":"<p>Caract\u00e9ristiques principales Dimensions :Largeur de 2130 \u00e0 6000 mm, avec 7 avanc\u00e9es possibles, de 1500 \u00e0 3500 mm. Coffre :Prot\u00e8ge int\u00e9gralement la toile et les bras. Il mesure 241 mm de hauteur et 179 mm d&rsquo;avanc\u00e9e (214 mm avec l&rsquo;option lambrequin d\u00e9roulant). Fixation :Peut \u00eatre install\u00e9 de face ou au plafond, y compris sur des [&hellip;]<\/p>\n","protected":false},"featured_media":2292,"comment_status":"open","ping_status":"closed","template":"","meta":{"_acf_changed":false},"product_brand":[],"product_cat":[19,29],"product_tag":[],"class_list":{"0":"post-2290","1":"product","2":"type-product","3":"status-publish","4":"has-post-thumbnail","6":"product_cat-store-banne","7":"product_cat-stores-coffres","9":"first","10":"instock","11":"sale","12":"shipping-taxable","13":"purchasable","14":"product-type-simple"},"acf":[],"_links":{"self":[{"href":"https:\/\/flinestore.fr\/index.php\/wp-json\/wp\/v2\/product\/2290","targetHints":{"allow":["GET"]}}],"collection":[{"href":"https:\/\/flinestore.fr\/index.php\/wp-json\/wp\/v2\/product"}],"about":[{"href":"https:\/\/flinestore.fr\/index.php\/wp-json\/wp\/v2\/types\/product"}],"replies":[{"embeddable":true,"href":"https:\/\/flinestore.fr\/index.php\/wp-json\/wp\/v2\/comments?post=2290"}],"version-history":[{"count":2,"href":"https:\/\/flinestore.fr\/index.php\/wp-json\/wp\/v2\/product\/2290\/revisions"}],"predecessor-version":[{"id":2322,"href":"https:\/\/flinestore.fr\/index.php\/wp-json\/wp\/v2\/product\/2290\/revisions\/2322"}],"wp:featuredmedia":[{"embeddable":true,"href":"https:\/\/flinestore.fr\/index.php\/wp-json\/wp\/v2\/media\/2292"}],"wp:attachment":[{"href":"https:\/\/flinestore.fr\/index.php\/wp-json\/wp\/v2\/media?parent=2290"}],"wp:term":[{"taxonomy":"product_brand","embeddable":true,"href":"https:\/\/flinestore.fr\/index.php\/wp-json\/wp\/v2\/product_brand?post=2290"},{"taxonomy":"product_cat","embeddable":true,"href":"https:\/\/flinestore.fr\/index.php\/wp-json\/wp\/v2\/product_cat?post=2290"},{"taxonomy":"product_tag","embeddable":true,"href":"https:\/\/flinestore.fr\/index.php\/wp-json\/wp\/v2\/product_tag?post=2290"}],"curies":[{"name":"wp","href":"https:\/\/api.w.org\/{rel}","templated":true}]}}