{"id":1748,"date":"2025-08-17T10:53:03","date_gmt":"2025-08-17T10:53:03","guid":{"rendered":"https:\/\/flinestore.fr\/?post_type=product&#038;p=1748"},"modified":"2025-09-25T13:33:41","modified_gmt":"2025-09-25T13:33:41","slug":"store-banne-dynasta","status":"publish","type":"product","link":"https:\/\/flinestore.fr\/index.php\/product\/store-banne-dynasta\/","title":{"rendered":"Store coffre Dynasta"},"content":{"rendered":"<p style=\"font-weight: 400;\"><strong>Caract\u00e9ristiques principales<\/strong><\/p>\n<ul style=\"font-weight: 400;\">\n<li><strong>Dimensions :<\/strong>\u00a0Largeur de 1970 \u00e0 12000 mm, et une avanc\u00e9e de 1500 \u00e0 4000 mm.<\/li>\n<li><strong>Coffre :<\/strong>\u00a0Il prot\u00e8ge int\u00e9gralement la toile et les bras. Il mesure 230 mm de hauteur et 320 mm d&rsquo;avanc\u00e9e.<\/li>\n<li><strong>Fixation :<\/strong>\u00a0Il peut \u00eatre install\u00e9 sur tout type de mur (de face ou au plafond), m\u00eame s&rsquo;il est irr\u00e9gulier.<\/li>\n<li><strong>Commande :<\/strong>\u00a0Il est \u00e9quip\u00e9 d&rsquo;un moteur et peut \u00eatre contr\u00f4l\u00e9 par un interrupteur, une t\u00e9l\u00e9commande ou un smartphone.<\/li>\n<\/ul>\n<p style=\"font-weight: 400;\"><strong>Personnalisation et design<\/strong><\/p>\n<ul style=\"font-weight: 400;\">\n<li><strong>Toile :<\/strong>\u00a0Fabriqu\u00e9e par des marques reconnues comme Dickson ou Sattler, avec un grammage de 290g\/m\u00b2.<\/li>\n<li><strong>Couleur :<\/strong>\u00a0Le store est disponible dans 84 couleurs pour s&rsquo;harmoniser avec votre fa\u00e7ade.<\/li>\n<\/ul>\n<p style=\"font-weight: 400;\"><strong>Qualit\u00e9 et durabilit\u00e9<\/strong><\/p>\n<ul style=\"font-weight: 400;\">\n<li><strong>Mat\u00e9riaux :<\/strong>\u00a0Fabriqu\u00e9 en\u00a0<strong>aluminium premi\u00e8re fusion<\/strong>\u00a0pour les profil\u00e9s, les supports, les pi\u00e8ces et les articulations, avec de la visserie en\u00a0<strong>inox<\/strong>. Il n&rsquo;y a donc aucun risque de rouille.<\/li>\n<li><strong>Garantie :<\/strong>\u00a0Il b\u00e9n\u00e9ficie d&rsquo;une garantie de 12 ans sur les pi\u00e8ces et la main-d&rsquo;\u0153uvre. La toile et le moteur (Somfy) sont garantis 5 ans.<\/li>\n<li><strong>Labels :<\/strong>\u00a0Les profil\u00e9s sont labellis\u00e9s\u00a0<strong>QUALICOAT<\/strong>\u00a0et\u00a0<strong>QUALIMARINE<\/strong>.<\/li>\n<\/ul>\n<p style=\"font-weight: 400;\"><strong>Options et fabrication<\/strong><\/p>\n<ul style=\"font-weight: 400;\">\n<li><strong>Options :<\/strong>\u00a0Il est possible d&rsquo;ajouter un\u00a0<strong>automatisme vent<\/strong>\u00a0(EOLIS 3D Wirefree de Somfy) qui ferme le store en cas de vent fort, un\u00a0<strong>\u00e9clairage LED<\/strong>\u00a0sous les bras, et une manivelle de secours.<\/li>\n<\/ul>\n<p><strong>Fabrication :<\/strong><span style=\"font-weight: 400;\">\u00a0Le store est\u00a0<strong>100 % fabriqu\u00e9 en France<\/strong>.<\/span><\/p>\n","protected":false},"excerpt":{"rendered":"<p>Caract\u00e9ristiques principales Dimensions :\u00a0Largeur de 1970 \u00e0 12000 mm, et une avanc\u00e9e de 1500 \u00e0 4000 mm. Coffre :\u00a0Il prot\u00e8ge int\u00e9gralement la toile et les bras. Il mesure 230 mm de hauteur et 320 mm d&rsquo;avanc\u00e9e. Fixation :\u00a0Il peut \u00eatre install\u00e9 sur tout type de mur (de face ou au plafond), m\u00eame s&rsquo;il est irr\u00e9gulier. [&hellip;]<\/p>\n","protected":false},"featured_media":1744,"comment_status":"open","ping_status":"closed","template":"","meta":{"_acf_changed":false},"product_brand":[],"product_cat":[19,29],"product_tag":[],"class_list":{"0":"post-1748","1":"product","2":"type-product","3":"status-publish","4":"has-post-thumbnail","6":"product_cat-store-banne","7":"product_cat-stores-coffres","9":"first","10":"instock","11":"sale","12":"shipping-taxable","13":"purchasable","14":"product-type-simple"},"acf":[],"_links":{"self":[{"href":"https:\/\/flinestore.fr\/index.php\/wp-json\/wp\/v2\/product\/1748","targetHints":{"allow":["GET"]}}],"collection":[{"href":"https:\/\/flinestore.fr\/index.php\/wp-json\/wp\/v2\/product"}],"about":[{"href":"https:\/\/flinestore.fr\/index.php\/wp-json\/wp\/v2\/types\/product"}],"replies":[{"embeddable":true,"href":"https:\/\/flinestore.fr\/index.php\/wp-json\/wp\/v2\/comments?post=1748"}],"version-history":[{"count":3,"href":"https:\/\/flinestore.fr\/index.php\/wp-json\/wp\/v2\/product\/1748\/revisions"}],"predecessor-version":[{"id":2323,"href":"https:\/\/flinestore.fr\/index.php\/wp-json\/wp\/v2\/product\/1748\/revisions\/2323"}],"wp:featuredmedia":[{"embeddable":true,"href":"https:\/\/flinestore.fr\/index.php\/wp-json\/wp\/v2\/media\/1744"}],"wp:attachment":[{"href":"https:\/\/flinestore.fr\/index.php\/wp-json\/wp\/v2\/media?parent=1748"}],"wp:term":[{"taxonomy":"product_brand","embeddable":true,"href":"https:\/\/flinestore.fr\/index.php\/wp-json\/wp\/v2\/product_brand?post=1748"},{"taxonomy":"product_cat","embeddable":true,"href":"https:\/\/flinestore.fr\/index.php\/wp-json\/wp\/v2\/product_cat?post=1748"},{"taxonomy":"product_tag","embeddable":true,"href":"https:\/\/flinestore.fr\/index.php\/wp-json\/wp\/v2\/product_tag?post=1748"}],"curies":[{"name":"wp","href":"https:\/\/api.w.org\/{rel}","templated":true}]}}