{"id":1312,"date":"2025-08-08T08:15:34","date_gmt":"2025-08-08T08:15:34","guid":{"rendered":"https:\/\/flinestore.fr\/?post_type=product&#038;p=1312"},"modified":"2025-09-25T13:33:57","modified_gmt":"2025-09-25T13:33:57","slug":"store-banne-belharra-2","status":"publish","type":"product","link":"https:\/\/flinestore.fr\/index.php\/product\/store-banne-belharra-2\/","title":{"rendered":"Store coffre Belharra 2"},"content":{"rendered":"<p style=\"font-weight: 400;\"><strong>Caract\u00e9ristiques principales<\/strong><\/p>\n<ul style=\"font-weight: 400;\">\n<li><strong>Dimensions :<\/strong>\u00a0Largeur de 1970 \u00e0 12000 mm, et une avanc\u00e9e de 1500 \u00e0 4000 mm. Les mod\u00e8les de 7110 \u00e0 8280 mm de large sont \u00e9quip\u00e9s de 3 bras.<\/li>\n<li><strong>Coffre :<\/strong>\u00a0Il prot\u00e8ge enti\u00e8rement la toile et les bras. Il mesure 230 mm de hauteur et 370 mm d&rsquo;avanc\u00e9e.<\/li>\n<li><strong>Fixation :<\/strong>\u00a0Il peut \u00eatre install\u00e9 sur un mur (de face) ou sous un plafond.<\/li>\n<li><strong>Commande :<\/strong>\u00a0Il est \u00e9quip\u00e9 d&rsquo;un moteur et peut \u00eatre contr\u00f4l\u00e9 par un interrupteur, une t\u00e9l\u00e9commande ou un smartphone.<\/li>\n<\/ul>\n<p style=\"font-weight: 400;\"><strong>Personnalisation et design<\/strong><\/p>\n<ul style=\"font-weight: 400;\">\n<li><strong>Toile :<\/strong>\u00a0Tissus de 290g\/m\u00b2 de marques comme Dickson, Sattler, Latim ou Giovanardi. Des toiles micro-ajour\u00e9es Soltis 86 ou 92 sont disponibles pour l&rsquo;option lambrequin d\u00e9roulant.<\/li>\n<li><strong>Couleur :<\/strong>\u00a0Le store est disponible dans 84 couleurs. Il est fabriqu\u00e9 en\u00a0<strong>aluminium premi\u00e8re fusion<\/strong>\u00a0pour une qualit\u00e9 constante.<\/li>\n<\/ul>\n<p style=\"font-weight: 400;\"><strong>Qualit\u00e9 et durabilit\u00e9<\/strong><\/p>\n<ul style=\"font-weight: 400;\">\n<li><strong>Mat\u00e9riaux :<\/strong>\u00a0Toutes les pi\u00e8ces (supports, articulations, profil\u00e9s) sont en\u00a0<strong>aluminium premi\u00e8re fusion<\/strong>\u00a0et la visserie est en\u00a0<strong>inox<\/strong>, ce qui emp\u00eache la rouille.<\/li>\n<li><strong>Garantie :<\/strong>\u00a0<strong>12 ans<\/strong>\u00a0pour les pi\u00e8ces et la main-d&rsquo;\u0153uvre. La toile et le moteur (Somfy) sont garantis 5 ans.<\/li>\n<li><strong>Labels :<\/strong>\u00a0Les profil\u00e9s sont labellis\u00e9s\u00a0<strong>QUALICOAT<\/strong>\u00a0et\u00a0<strong>QUALIMARINE<\/strong>.<\/li>\n<\/ul>\n<p style=\"font-weight: 400;\"><strong>Options et fabrication<\/strong><\/p>\n<ul style=\"font-weight: 400;\">\n<li><strong>Options :<\/strong>\u00a0Vous pouvez ajouter un\u00a0<strong>automatisme vent<\/strong>\u00a0(EOLIS 3D Wirefree de Somfy) qui ferme le store automatiquement en cas de vent. Il est \u00e9galement possible d&rsquo;ajouter un\u00a0<strong>\u00e9clairage LED<\/strong>\u00a0sous les bras, des bras renforc\u00e9s, une manivelle de secours, ainsi qu&rsquo;un lambrequin fixe ou d\u00e9roulant.<\/li>\n<\/ul>\n<p><strong>Fabrication :<\/strong><span style=\"font-weight: 400;\">\u00a0Le store est\u00a0<strong>100 % fabriqu\u00e9 en France<\/strong>. Le d\u00e9lai de fabrication est de 24 heures si vous choisissez une des 256 toiles en stock<\/span><\/p>\n","protected":false},"excerpt":{"rendered":"<p>Aenean lectus elit, fermentum non, convallis id, sagittis at, neque. Nullam mauris orci, aliquet et, iaculis et, viverra vitae, ligula. Nulla ut felis in purus aliquam imperdiet. Maecenas aliquet mollis lectus. Vivamus consectetuer risus et tortor. Lorem ipsum dolor sit amet, consectetur adipiscing elit. Integer nec odio. Praesent libero.<\/p>\n","protected":false},"featured_media":1313,"comment_status":"open","ping_status":"closed","template":"","meta":{"_acf_changed":false},"product_brand":[],"product_cat":[19,29],"product_tag":[],"class_list":{"0":"post-1312","1":"product","2":"type-product","3":"status-publish","4":"has-post-thumbnail","6":"product_cat-store-banne","7":"product_cat-stores-coffres","9":"first","10":"instock","11":"sale","12":"shipping-taxable","13":"purchasable","14":"product-type-simple"},"acf":[],"_links":{"self":[{"href":"https:\/\/flinestore.fr\/index.php\/wp-json\/wp\/v2\/product\/1312","targetHints":{"allow":["GET"]}}],"collection":[{"href":"https:\/\/flinestore.fr\/index.php\/wp-json\/wp\/v2\/product"}],"about":[{"href":"https:\/\/flinestore.fr\/index.php\/wp-json\/wp\/v2\/types\/product"}],"replies":[{"embeddable":true,"href":"https:\/\/flinestore.fr\/index.php\/wp-json\/wp\/v2\/comments?post=1312"}],"version-history":[{"count":4,"href":"https:\/\/flinestore.fr\/index.php\/wp-json\/wp\/v2\/product\/1312\/revisions"}],"predecessor-version":[{"id":2324,"href":"https:\/\/flinestore.fr\/index.php\/wp-json\/wp\/v2\/product\/1312\/revisions\/2324"}],"wp:featuredmedia":[{"embeddable":true,"href":"https:\/\/flinestore.fr\/index.php\/wp-json\/wp\/v2\/media\/1313"}],"wp:attachment":[{"href":"https:\/\/flinestore.fr\/index.php\/wp-json\/wp\/v2\/media?parent=1312"}],"wp:term":[{"taxonomy":"product_brand","embeddable":true,"href":"https:\/\/flinestore.fr\/index.php\/wp-json\/wp\/v2\/product_brand?post=1312"},{"taxonomy":"product_cat","embeddable":true,"href":"https:\/\/flinestore.fr\/index.php\/wp-json\/wp\/v2\/product_cat?post=1312"},{"taxonomy":"product_tag","embeddable":true,"href":"https:\/\/flinestore.fr\/index.php\/wp-json\/wp\/v2\/product_tag?post=1312"}],"curies":[{"name":"wp","href":"https:\/\/api.w.org\/{rel}","templated":true}]}}