{"id":1101,"date":"2016-08-22T21:37:51","date_gmt":"2016-08-22T21:37:51","guid":{"rendered":"https:\/\/oceanwp.org\/simple\/product\/gold-and-steel-watch\/"},"modified":"2025-09-25T13:34:11","modified_gmt":"2025-09-25T13:34:11","slug":"vestibulum-dolor-eleifend","status":"publish","type":"product","link":"https:\/\/flinestore.fr\/index.php\/product\/vestibulum-dolor-eleifend\/","title":{"rendered":"Store coffre Helios"},"content":{"rendered":"<p style=\"font-weight: 400;\"><strong>Caract\u00e9ristiques principales<\/strong><\/p>\n<ul style=\"font-weight: 400;\">\n<li><strong>Dimensions :<\/strong>\u00a0Largeur de 2340 \u00e0 6000 mm et 8 avanc\u00e9es possibles de 1500 \u00e0 4000 mm. La version\u00a0<strong>HELIOM PLUS<\/strong>\u00a0avec bras renforc\u00e9s offre 5 avanc\u00e9es, de 2500 \u00e0 4000 mm, avec un lambrequin d\u00e9roulant en option.<\/li>\n<li><strong>Coffre :<\/strong>\u00a0Il prot\u00e8ge int\u00e9gralement la toile et les bras.<\/li>\n<li><strong>Fixation :<\/strong>\u00a0Il peut \u00eatre install\u00e9 sur un mur (de face) ou sous un plafond.<\/li>\n<li><strong>Commande :<\/strong>\u00a0Le moteur se contr\u00f4le par interrupteur, t\u00e9l\u00e9commande ou smartphone.<\/li>\n<\/ul>\n<p style=\"font-weight: 400;\"><strong>Personnalisation et design<\/strong><\/p>\n<ul style=\"font-weight: 400;\">\n<li><strong>Toile :<\/strong>\u00a0Fabriqu\u00e9e par des marques reconnues comme Dickson, Sattler ou Latim (grammage de 290g\/m\u00b2). Des toiles micro-ajour\u00e9es Soltis 86 ou 92 de Serge Ferrari sont disponibles pour l&rsquo;option lambrequin d\u00e9roulant.<\/li>\n<li><strong>Couleur :<\/strong>\u00a0Le store est disponible dans 90 couleurs pour s&rsquo;harmoniser avec votre fa\u00e7ade.<\/li>\n<\/ul>\n<p style=\"font-weight: 400;\"><strong>Qualit\u00e9 et durabilit\u00e9<\/strong><\/p>\n<ul style=\"font-weight: 400;\">\n<li><strong>Mat\u00e9riaux :<\/strong>\u00a0Fabriqu\u00e9 en\u00a0<strong>aluminium premi\u00e8re fusion<\/strong>\u00a0pour les profil\u00e9s, les supports, les pi\u00e8ces et les articulations, avec de la visserie en\u00a0<strong>inox<\/strong>. Il n&rsquo;y a donc aucun risque de rouille.<\/li>\n<li><strong>Garantie :<\/strong>\u00a0Il b\u00e9n\u00e9ficie d&rsquo;une garantie de 12 ans sur les pi\u00e8ces et la main-d&rsquo;\u0153uvre. La toile et le moteur (Somfy) sont garantis 5 ans.<\/li>\n<li><strong>Labels :<\/strong>\u00a0Les profil\u00e9s sont labellis\u00e9s\u00a0<strong>QUALICOAT<\/strong>\u00a0et\u00a0<strong>QUALIMARINE<\/strong>.<\/li>\n<\/ul>\n<p style=\"font-weight: 400;\"><strong>Options et fabrication<\/strong><\/p>\n<ul style=\"font-weight: 400;\">\n<li><strong>Options :<\/strong>\u00a0Il est possible d&rsquo;ajouter un\u00a0<strong>automatisme vent<\/strong>\u00a0(EOLIS 3D Wirefree de Somfy), un\u00a0<strong>\u00e9clairage LED<\/strong>\u00a0encastr\u00e9 sous le coffre ou sous les bras, et une manivelle de secours. L&rsquo;option de\u00a0<strong>lambrequin d\u00e9roulant<\/strong>\u00a0est disponible pour le mod\u00e8le HELIOM PLUS.<\/li>\n<li><strong>Fabrication :<\/strong>\u00a0Le store est\u00a0<strong>100 % fabriqu\u00e9 en France<\/strong>. Le d\u00e9lai de fabrication est de 24 heures si la toile est choisie parmi les 256 en stock.<\/li>\n<\/ul>\n<p>&nbsp;<\/p>\n","protected":false},"excerpt":{"rendered":"<p>Caract\u00e9ristiques principales Dimensions :\u00a0Largeur de 2340 \u00e0 6000 mm et 8 avanc\u00e9es possibles de 1500 \u00e0 4000 mm. La version\u00a0HELIOM PLUS\u00a0avec bras renforc\u00e9s offre 5 avanc\u00e9es, de 2500 \u00e0 4000 mm, avec un lambrequin d\u00e9roulant en option. Coffre :\u00a0Il prot\u00e8ge int\u00e9gralement la toile et les bras. Fixation :\u00a0Il peut \u00eatre install\u00e9 sur un mur (de [&hellip;]<\/p>\n","protected":false},"featured_media":1734,"comment_status":"open","ping_status":"closed","template":"","meta":{"_acf_changed":false},"product_brand":[],"product_cat":[19,29],"product_tag":[],"class_list":{"0":"post-1101","1":"product","2":"type-product","3":"status-publish","4":"has-post-thumbnail","6":"product_cat-store-banne","7":"product_cat-stores-coffres","9":"first","10":"instock","11":"sale","12":"shipping-taxable","13":"purchasable","14":"product-type-simple"},"acf":[],"_links":{"self":[{"href":"https:\/\/flinestore.fr\/index.php\/wp-json\/wp\/v2\/product\/1101","targetHints":{"allow":["GET"]}}],"collection":[{"href":"https:\/\/flinestore.fr\/index.php\/wp-json\/wp\/v2\/product"}],"about":[{"href":"https:\/\/flinestore.fr\/index.php\/wp-json\/wp\/v2\/types\/product"}],"replies":[{"embeddable":true,"href":"https:\/\/flinestore.fr\/index.php\/wp-json\/wp\/v2\/comments?post=1101"}],"version-history":[{"count":5,"href":"https:\/\/flinestore.fr\/index.php\/wp-json\/wp\/v2\/product\/1101\/revisions"}],"predecessor-version":[{"id":2325,"href":"https:\/\/flinestore.fr\/index.php\/wp-json\/wp\/v2\/product\/1101\/revisions\/2325"}],"wp:featuredmedia":[{"embeddable":true,"href":"https:\/\/flinestore.fr\/index.php\/wp-json\/wp\/v2\/media\/1734"}],"wp:attachment":[{"href":"https:\/\/flinestore.fr\/index.php\/wp-json\/wp\/v2\/media?parent=1101"}],"wp:term":[{"taxonomy":"product_brand","embeddable":true,"href":"https:\/\/flinestore.fr\/index.php\/wp-json\/wp\/v2\/product_brand?post=1101"},{"taxonomy":"product_cat","embeddable":true,"href":"https:\/\/flinestore.fr\/index.php\/wp-json\/wp\/v2\/product_cat?post=1101"},{"taxonomy":"product_tag","embeddable":true,"href":"https:\/\/flinestore.fr\/index.php\/wp-json\/wp\/v2\/product_tag?post=1101"}],"curies":[{"name":"wp","href":"https:\/\/api.w.org\/{rel}","templated":true}]}}